{"id":2,"date":"2016-05-10T03:48:21","date_gmt":"2016-05-10T03:48:21","guid":{"rendered":"http:\/\/wp452m.a10-52-158-154.qa.plesk.ru\/wordpress\/?page_id=2"},"modified":"2022-04-03T12:20:09","modified_gmt":"2022-04-03T12:20:09","slug":"home","status":"publish","type":"page","link":"http:\/\/wordpress.verkehrswacht-eichsfeld.de\/","title":{"rendered":"Home"},"content":{"rendered":"<div id=\"pl-2\"  class=\"panel-layout\" ><div id=\"pg-2-0\"  class=\"panel-grid panel-no-style\" ><div id=\"pgc-2-0-0\"  class=\"panel-grid-cell\" ><div id=\"panel-2-0-0-0\" class=\"so-panel widget widget_sow-editor panel-first-child\" data-index=\"0\" ><div class=\"panel-widget-style panel-widget-style-for-2-0-0-0\" ><div\n\t\t\t\n\t\t\tclass=\"so-widget-sow-editor so-widget-sow-editor-base\"\n\t\t\t\n\t\t>\n<div class=\"siteorigin-widget-tinymce textwidget\">\n\t<p style=\"text-align: center;\"><span style=\"color: #003366;\"><strong>\"Ausf\u00fchrlicher und unmittelbarer Zweck der Verkehrswacht Eichsfeld<\/strong><\/span><br \/>\n<span style=\"color: #003366;\"><strong> sind die F\u00f6rderung der Verkehrssicherheit und Verh\u00fctung<\/strong><\/span><br \/>\n<span style=\"color: #003366;\"><strong> von Unf\u00e4llen im Landkreis Eichsfeld.\"<\/strong><\/span><\/p>\n<p style=\"text-align: center;\"><span style=\"color: #003366;\"><strong>\u00a0<\/strong><\/span><\/p>\n<p style=\"text-align: center;\"><span style=\"color: #003366;\"><strong>Wir bieten:<\/strong><\/span><\/p>\n<p style=\"text-align: center;\"><span style=\"color: #003366;\"><strong>- Verkehrsteilnehmerschulungen von KiTa bis Senior<\/strong><\/span><\/p>\n<p style=\"text-align: center;\"><span style=\"color: #003366;\"><strong>- Gestaltung und Planung Verkehrssicherheitstage<\/strong><\/span><\/p>\n<p style=\"text-align: center;\"><span style=\"color: #003366;\"><strong>- Teilnahme an \u00f6ffentlichen Veranstaltungen<\/strong><\/span><\/p>\n<p style=\"text-align: center;\"><span style=\"color: #003366;\"><strong> im Rahmen \"Sicher unterwegs in Th\u00fcringen\"<\/strong><\/span><\/p>\n<p style=\"text-align: center;\"><span style=\"color: #003366;\"><strong>- Verleih der H\u00fcpfburg und des Gurtschlittens<\/strong><\/span><\/p>\n<p style=\"text-align: center;\"><span style=\"color: #003366;\"><strong>- Betreuung Lichttunnel<\/strong><\/span><\/p>\n<\/div>\n<\/div><\/div><\/div><div id=\"panel-2-0-0-1\" class=\"so-panel widget widget_sow-button panel-last-child\" data-index=\"1\" ><div\n\t\t\t\n\t\t\tclass=\"so-widget-sow-button so-widget-sow-button-atom-be17bef34c92-2\"\n\t\t\t\n\t\t><div class=\"ow-button-base ow-button-align-center\"\n>\n\t\t\t<a\n\t\t\t\t\thref=\"http:\/\/wordpress.verkehrswacht-eichsfeld.de\/?page_id=60\"\n\t\t\t\t\tclass=\"sowb-button ow-icon-placement-left ow-button-hover\" \t>\n\t\t<span>\n\t\t\t\n\t\t\tzur Chronik \/ Archiv\t\t<\/span>\n\t\t\t<\/a>\n\t<\/div>\n<\/div><\/div><\/div><\/div><div id=\"pg-2-1\"  class=\"panel-grid panel-no-style\" ><div id=\"pgc-2-1-0\"  class=\"panel-grid-cell\" ><div id=\"panel-2-1-0-0\" class=\"so-panel widget widget_media_image panel-first-child panel-last-child\" data-index=\"2\" ><img loading=\"lazy\" decoding=\"async\" width=\"212\" height=\"300\" src=\"http:\/\/wordpress.verkehrswacht-eichsfeld.de\/wp-content\/uploads\/2019\/05\/0001-212x300.jpg\" class=\"image wp-image-428  attachment-medium size-medium\" alt=\"\" style=\"max-width: 100%; height: auto;\" srcset=\"http:\/\/wordpress.verkehrswacht-eichsfeld.de\/wp-content\/uploads\/2019\/05\/0001-212x300.jpg 212w, http:\/\/wordpress.verkehrswacht-eichsfeld.de\/wp-content\/uploads\/2019\/05\/0001-768x1085.jpg 768w, http:\/\/wordpress.verkehrswacht-eichsfeld.de\/wp-content\/uploads\/2019\/05\/0001-725x1024.jpg 725w\" sizes=\"auto, (max-width: 212px) 100vw, 212px\" \/><\/div><\/div><div id=\"pgc-2-1-1\"  class=\"panel-grid-cell\" ><div id=\"panel-2-1-1-0\" class=\"so-panel widget widget_media_image panel-first-child panel-last-child\" data-index=\"3\" ><a href=\"http:\/\/wordpress.verkehrswacht-eichsfeld.de\/?page_id=446&#038;preview=true\"><img loading=\"lazy\" decoding=\"async\" width=\"300\" height=\"225\" src=\"http:\/\/wordpress.verkehrswacht-eichsfeld.de\/wp-content\/uploads\/2019\/08\/668_570494_0821_82936133-300x225.jpg\" class=\"image wp-image-442  attachment-medium size-medium\" alt=\"\" style=\"max-width: 100%; height: auto;\" srcset=\"http:\/\/wordpress.verkehrswacht-eichsfeld.de\/wp-content\/uploads\/2019\/08\/668_570494_0821_82936133-300x225.jpg 300w, http:\/\/wordpress.verkehrswacht-eichsfeld.de\/wp-content\/uploads\/2019\/08\/668_570494_0821_82936133.jpg 668w\" sizes=\"auto, (max-width: 300px) 100vw, 300px\" \/><\/a><\/div><\/div><div id=\"pgc-2-1-2\"  class=\"panel-grid-cell\" ><div id=\"panel-2-1-2-0\" class=\"so-panel widget widget_media_image panel-first-child panel-last-child\" data-index=\"4\" ><img loading=\"lazy\" decoding=\"async\" width=\"300\" height=\"200\" src=\"http:\/\/wordpress.verkehrswacht-eichsfeld.de\/wp-content\/uploads\/2016\/09\/IMG_6622-e1474228091140-300x200.jpg\" class=\"image wp-image-11  attachment-medium size-medium\" alt=\"\" style=\"max-width: 100%; height: auto;\" srcset=\"http:\/\/wordpress.verkehrswacht-eichsfeld.de\/wp-content\/uploads\/2016\/09\/IMG_6622-e1474228091140-300x200.jpg 300w, http:\/\/wordpress.verkehrswacht-eichsfeld.de\/wp-content\/uploads\/2016\/09\/IMG_6622-e1474228091140-768x512.jpg 768w, http:\/\/wordpress.verkehrswacht-eichsfeld.de\/wp-content\/uploads\/2016\/09\/IMG_6622-e1474228091140-1024x683.jpg 1024w, http:\/\/wordpress.verkehrswacht-eichsfeld.de\/wp-content\/uploads\/2016\/09\/IMG_6622-e1474228091140-272x182.jpg 272w, http:\/\/wordpress.verkehrswacht-eichsfeld.de\/wp-content\/uploads\/2016\/09\/IMG_6622-e1474228091140.jpg 1900w\" sizes=\"auto, (max-width: 300px) 100vw, 300px\" \/><\/div><\/div><div id=\"pgc-2-1-3\"  class=\"panel-grid-cell\" ><div id=\"panel-2-1-3-0\" class=\"so-panel widget widget_media_image panel-first-child panel-last-child\" data-index=\"5\" ><img loading=\"lazy\" decoding=\"async\" width=\"200\" height=\"300\" src=\"http:\/\/wordpress.verkehrswacht-eichsfeld.de\/wp-content\/uploads\/2016\/09\/IMG_3127-200x300.jpg\" class=\"image wp-image-140  attachment-200x300 size-200x300\" alt=\"\" style=\"max-width: 100%; height: auto;\" srcset=\"http:\/\/wordpress.verkehrswacht-eichsfeld.de\/wp-content\/uploads\/2016\/09\/IMG_3127-200x300.jpg 200w, http:\/\/wordpress.verkehrswacht-eichsfeld.de\/wp-content\/uploads\/2016\/09\/IMG_3127.jpg 480w\" sizes=\"auto, (max-width: 200px) 100vw, 200px\" \/><\/div><\/div><\/div><\/div>","protected":false},"excerpt":{"rendered":"<p>&#8222;Ausf\u00fchrlicher und unmittelbarer Zweck der Verkehrswacht Eichsfeld sind die F\u00f6rderung der Verkehrssicherheit und Verh\u00fctung von Unf\u00e4llen im Landkreis Eichsfeld.&#8220; \u00a0 Wir bieten: &#8211; Verkehrsteilnehmerschulungen von KiTa bis Senior &#8211; Gestaltung und Planung Verkehrssicherheitstage &#8211; Teilnahme an \u00f6ffentlichen Veranstaltungen im Rahmen <a href=\"http:\/\/wordpress.verkehrswacht-eichsfeld.de\/\"> Read more&#8230;<\/a><\/p>\n","protected":false},"author":2,"featured_media":0,"parent":0,"menu_order":0,"comment_status":"closed","ping_status":"closed","template":"template-full-width.php","meta":{"footnotes":""},"class_list":["post-2","page","type-page","status-publish","hentry"],"aioseo_notices":[],"_links":{"self":[{"href":"http:\/\/wordpress.verkehrswacht-eichsfeld.de\/index.php?rest_route=\/wp\/v2\/pages\/2","targetHints":{"allow":["GET"]}}],"collection":[{"href":"http:\/\/wordpress.verkehrswacht-eichsfeld.de\/index.php?rest_route=\/wp\/v2\/pages"}],"about":[{"href":"http:\/\/wordpress.verkehrswacht-eichsfeld.de\/index.php?rest_route=\/wp\/v2\/types\/page"}],"author":[{"embeddable":true,"href":"http:\/\/wordpress.verkehrswacht-eichsfeld.de\/index.php?rest_route=\/wp\/v2\/users\/2"}],"replies":[{"embeddable":true,"href":"http:\/\/wordpress.verkehrswacht-eichsfeld.de\/index.php?rest_route=%2Fwp%2Fv2%2Fcomments&post=2"}],"version-history":[{"count":33,"href":"http:\/\/wordpress.verkehrswacht-eichsfeld.de\/index.php?rest_route=\/wp\/v2\/pages\/2\/revisions"}],"predecessor-version":[{"id":514,"href":"http:\/\/wordpress.verkehrswacht-eichsfeld.de\/index.php?rest_route=\/wp\/v2\/pages\/2\/revisions\/514"}],"wp:attachment":[{"href":"http:\/\/wordpress.verkehrswacht-eichsfeld.de\/index.php?rest_route=%2Fwp%2Fv2%2Fmedia&parent=2"}],"curies":[{"name":"wp","href":"https:\/\/api.w.org\/{rel}","templated":true}]}}