{"id":452,"date":"2019-08-22T11:29:39","date_gmt":"2019-08-22T11:29:39","guid":{"rendered":"http:\/\/wordpress.verkehrswacht-eichsfeld.de\/?page_id=452"},"modified":"2022-04-03T12:15:08","modified_gmt":"2022-04-03T12:15:08","slug":"gurtschlitten","status":"publish","type":"page","link":"http:\/\/wordpress.verkehrswacht-eichsfeld.de\/?page_id=452","title":{"rendered":"&#8211; Gurtschlitten"},"content":{"rendered":"\n<p>Unser Gurtschlitten demonstriert eindrucksvoll wie effektiv und sinnvoll die Verwendung des Sicherheitsgurtes ist. Auch wenn nur ein Aufprall mit geringer Geschwindigkeit simuliert wird, bleibt es der Schulter meist noch etwas in Erinnerung und l\u00e4sst erahnen, welche Kr\u00e4fte bei einem richtigen Crash wirken k\u00f6nnen. Der ein oder andere Proband hat danach \u00fcber seine Einstellung zum Anlegen des Sicherheitsgurtes nachgedacht. <\/p>\n\n\n\n<figure class=\"wp-block-image size-large is-style-rounded\"><img loading=\"lazy\" decoding=\"async\" width=\"1024\" height=\"683\" src=\"http:\/\/wordpress.verkehrswacht-eichsfeld.de\/wp-content\/uploads\/2022\/04\/IMG_6617-1024x683.jpg\" alt=\"\" class=\"wp-image-508\" srcset=\"http:\/\/wordpress.verkehrswacht-eichsfeld.de\/wp-content\/uploads\/2022\/04\/IMG_6617-1024x683.jpg 1024w, http:\/\/wordpress.verkehrswacht-eichsfeld.de\/wp-content\/uploads\/2022\/04\/IMG_6617-300x200.jpg 300w, http:\/\/wordpress.verkehrswacht-eichsfeld.de\/wp-content\/uploads\/2022\/04\/IMG_6617-768x512.jpg 768w, http:\/\/wordpress.verkehrswacht-eichsfeld.de\/wp-content\/uploads\/2022\/04\/IMG_6617-1536x1024.jpg 1536w, http:\/\/wordpress.verkehrswacht-eichsfeld.de\/wp-content\/uploads\/2022\/04\/IMG_6617-2048x1365.jpg 2048w, http:\/\/wordpress.verkehrswacht-eichsfeld.de\/wp-content\/uploads\/2022\/04\/IMG_6617-272x182.jpg 272w\" sizes=\"auto, (max-width: 1024px) 100vw, 1024px\" \/><\/figure>\n","protected":false},"excerpt":{"rendered":"<p>Unser Gurtschlitten demonstriert eindrucksvoll wie effektiv und sinnvoll die Verwendung des Sicherheitsgurtes ist. Auch wenn nur ein Aufprall mit geringer Geschwindigkeit simuliert wird, bleibt es der Schulter meist noch etwas in Erinnerung und l\u00e4sst erahnen, welche Kr\u00e4fte bei einem richtigen <a href=\"http:\/\/wordpress.verkehrswacht-eichsfeld.de\/?page_id=452\"> Read more&#8230;<\/a><\/p>\n","protected":false},"author":2,"featured_media":0,"parent":0,"menu_order":0,"comment_status":"closed","ping_status":"closed","template":"","meta":{"footnotes":""},"class_list":["post-452","page","type-page","status-publish","hentry"],"aioseo_notices":[],"_links":{"self":[{"href":"http:\/\/wordpress.verkehrswacht-eichsfeld.de\/index.php?rest_route=\/wp\/v2\/pages\/452","targetHints":{"allow":["GET"]}}],"collection":[{"href":"http:\/\/wordpress.verkehrswacht-eichsfeld.de\/index.php?rest_route=\/wp\/v2\/pages"}],"about":[{"href":"http:\/\/wordpress.verkehrswacht-eichsfeld.de\/index.php?rest_route=\/wp\/v2\/types\/page"}],"author":[{"embeddable":true,"href":"http:\/\/wordpress.verkehrswacht-eichsfeld.de\/index.php?rest_route=\/wp\/v2\/users\/2"}],"replies":[{"embeddable":true,"href":"http:\/\/wordpress.verkehrswacht-eichsfeld.de\/index.php?rest_route=%2Fwp%2Fv2%2Fcomments&post=452"}],"version-history":[{"count":3,"href":"http:\/\/wordpress.verkehrswacht-eichsfeld.de\/index.php?rest_route=\/wp\/v2\/pages\/452\/revisions"}],"predecessor-version":[{"id":509,"href":"http:\/\/wordpress.verkehrswacht-eichsfeld.de\/index.php?rest_route=\/wp\/v2\/pages\/452\/revisions\/509"}],"wp:attachment":[{"href":"http:\/\/wordpress.verkehrswacht-eichsfeld.de\/index.php?rest_route=%2Fwp%2Fv2%2Fmedia&parent=452"}],"curies":[{"name":"wp","href":"https:\/\/api.w.org\/{rel}","templated":true}]}}