{"id":483,"date":"2022-04-02T14:51:06","date_gmt":"2022-04-02T14:51:06","guid":{"rendered":"http:\/\/wordpress.verkehrswacht-eichsfeld.de\/?page_id=483"},"modified":"2022-04-02T14:59:05","modified_gmt":"2022-04-02T14:59:05","slug":"jung-sicher-startklar-jus","status":"publish","type":"page","link":"http:\/\/wordpress.verkehrswacht-eichsfeld.de\/?page_id=483","title":{"rendered":"&#8211; Jung + Sicher + Startklar (JUS)"},"content":{"rendered":"\n<p>F\u00fcr Sch\u00fcler ab der 8. Klasse bis zur Berufsschule unterst\u00fctzen wir das Bundesprojekt <\/p>\n\n\n\n<p><strong>&#8222;Jung + Sicher + Startklar&#8220;<\/strong><\/p>\n\n\n\n<p>Unsere geschulten Moderatoren kommen gern in Ihre Schule und stellen den Lehrern das Projekt vor oder halten selbst vor den Sch\u00fclern Unterrichtseinheiten zu den m\u00f6glichen Themen:<\/p>\n\n\n\n<ol class=\"wp-block-list\"><li>Ablenkung<\/li><li>Alkohol und Drogen<\/li><li>Der Verkehrsunfall und seine Folgen<\/li><li>Fahrzeugsicherheit und Fahrzeugtechnik<\/li><li>Risikofaktor Mensch<\/li><\/ol>\n\n\n\n<p><\/p>\n","protected":false},"excerpt":{"rendered":"<p>F\u00fcr Sch\u00fcler ab der 8. Klasse bis zur Berufsschule unterst\u00fctzen wir das Bundesprojekt &#8222;Jung + Sicher + Startklar&#8220; Unsere geschulten Moderatoren kommen gern in Ihre Schule und stellen den Lehrern das Projekt vor oder halten selbst vor den Sch\u00fclern Unterrichtseinheiten <a href=\"http:\/\/wordpress.verkehrswacht-eichsfeld.de\/?page_id=483\"> Read more&#8230;<\/a><\/p>\n","protected":false},"author":2,"featured_media":0,"parent":280,"menu_order":0,"comment_status":"closed","ping_status":"closed","template":"","meta":{"footnotes":""},"class_list":["post-483","page","type-page","status-publish","hentry"],"aioseo_notices":[],"_links":{"self":[{"href":"http:\/\/wordpress.verkehrswacht-eichsfeld.de\/index.php?rest_route=\/wp\/v2\/pages\/483","targetHints":{"allow":["GET"]}}],"collection":[{"href":"http:\/\/wordpress.verkehrswacht-eichsfeld.de\/index.php?rest_route=\/wp\/v2\/pages"}],"about":[{"href":"http:\/\/wordpress.verkehrswacht-eichsfeld.de\/index.php?rest_route=\/wp\/v2\/types\/page"}],"author":[{"embeddable":true,"href":"http:\/\/wordpress.verkehrswacht-eichsfeld.de\/index.php?rest_route=\/wp\/v2\/users\/2"}],"replies":[{"embeddable":true,"href":"http:\/\/wordpress.verkehrswacht-eichsfeld.de\/index.php?rest_route=%2Fwp%2Fv2%2Fcomments&post=483"}],"version-history":[{"count":2,"href":"http:\/\/wordpress.verkehrswacht-eichsfeld.de\/index.php?rest_route=\/wp\/v2\/pages\/483\/revisions"}],"predecessor-version":[{"id":486,"href":"http:\/\/wordpress.verkehrswacht-eichsfeld.de\/index.php?rest_route=\/wp\/v2\/pages\/483\/revisions\/486"}],"up":[{"embeddable":true,"href":"http:\/\/wordpress.verkehrswacht-eichsfeld.de\/index.php?rest_route=\/wp\/v2\/pages\/280"}],"wp:attachment":[{"href":"http:\/\/wordpress.verkehrswacht-eichsfeld.de\/index.php?rest_route=%2Fwp%2Fv2%2Fmedia&parent=483"}],"curies":[{"name":"wp","href":"https:\/\/api.w.org\/{rel}","templated":true}]}}